{"id":7,"date":"2017-03-07T10:58:40","date_gmt":"2017-03-07T09:58:40","guid":{"rendered":"http:\/\/evi.bik-kreativ.de\/koeln\/?page_id=7"},"modified":"2017-07-21T10:54:54","modified_gmt":"2017-07-21T08:54:54","slug":"pluspunkte-fuer-sie","status":"publish","type":"page","link":"https:\/\/www.evi.de\/koeln\/pluspunkte-fuer-sie\/","title":{"rendered":"Pluspunkte f\u00fcr Sie"},"content":{"rendered":"<h4><strong>Pluspunkte f\u00fcr Sie in <u>K\u00f6ln\/Zentrum:<\/u><\/strong><\/h4>\n<p>&nbsp;<\/p>\n<ul>\n<li>Theorie-Seminare in den R\u00e4umen der Institutsambulanz (Zentrum)<\/li>\n<li>Patientenbehandlungen (Praktische Ausbildung) in der Institutsambulanz in K\u00f6ln<\/li>\n<li>EIN Ausbildungsstandort!<br \/>\nKeine Ausbildung im \u201eUmherfahren\u201c<\/li>\n<li>Konsiliar\u00e4rzte\/Psychiater unmittelbar vor Ort<br \/>\n(maximale Unterst\u00fctzung in Krisensituationen!)<\/li>\n<li>Gute Vernetzung mit den kooperierenden Einrichtungen<\/li>\n<li>Leben in der Gro\u00dfstadt mit all seinen Vor-(und Nach-)teilen<\/li>\n<li>Kleine Kurse, keiner geht (oder f\u00fchlt sich) verloren<\/li>\n<li>Gro\u00dfes Kultur-, Freizeit- und Sportangebot<\/li>\n<\/ul>\n","protected":false},"excerpt":{"rendered":"<p>Pluspunkte f\u00fcr Sie in K\u00f6ln\/Zentrum: &nbsp; Theorie-Seminare in den R\u00e4umen der Institutsambulanz (Zentrum) Patientenbehandlungen (Praktische Ausbildung) in der Institutsambulanz in K\u00f6ln EIN Ausbildungsstandort! Keine Ausbildung im \u201eUmherfahren\u201c Konsiliar\u00e4rzte\/Psychiater unmittelbar vor &#8230;<\/p>\n","protected":false},"author":1,"featured_media":0,"parent":0,"menu_order":0,"comment_status":"closed","ping_status":"closed","template":"template-left-sidebar.php","meta":{"footnotes":""},"class_list":["post-7","page","type-page","status-publish","hentry"],"_links":{"self":[{"href":"https:\/\/www.evi.de\/koeln\/wp-json\/wp\/v2\/pages\/7","targetHints":{"allow":["GET"]}}],"collection":[{"href":"https:\/\/www.evi.de\/koeln\/wp-json\/wp\/v2\/pages"}],"about":[{"href":"https:\/\/www.evi.de\/koeln\/wp-json\/wp\/v2\/types\/page"}],"author":[{"embeddable":true,"href":"https:\/\/www.evi.de\/koeln\/wp-json\/wp\/v2\/users\/1"}],"replies":[{"embeddable":true,"href":"https:\/\/www.evi.de\/koeln\/wp-json\/wp\/v2\/comments?post=7"}],"version-history":[{"count":13,"href":"https:\/\/www.evi.de\/koeln\/wp-json\/wp\/v2\/pages\/7\/revisions"}],"predecessor-version":[{"id":478,"href":"https:\/\/www.evi.de\/koeln\/wp-json\/wp\/v2\/pages\/7\/revisions\/478"}],"wp:attachment":[{"href":"https:\/\/www.evi.de\/koeln\/wp-json\/wp\/v2\/media?parent=7"}],"curies":[{"name":"wp","href":"https:\/\/api.w.org\/{rel}","templated":true}]}}