{"id":643,"date":"2019-07-29T10:58:14","date_gmt":"2019-07-29T08:58:14","guid":{"rendered":"https:\/\/www.evi.de\/koeln\/?page_id=643"},"modified":"2025-07-01T20:37:55","modified_gmt":"2025-07-01T18:37:55","slug":"weiterbildungscurricula","status":"publish","type":"page","link":"https:\/\/www.evi.de\/koeln\/weiterbildungscurricula\/","title":{"rendered":"Weiterbildungscurricula"},"content":{"rendered":"<p><span style=\"color: #339966; font-size: 1.2em; font-weight: 600;\">Wir freuen uns, Ihnen ein <\/span><strong style=\"color: #339966; font-size: 1.2em;\">zus\u00e4tzliches Weiterbildungs-Curriculum<\/strong><span style=\"color: #339966; font-size: 1.2em; font-weight: 600;\">\u00a0anbieten zu k\u00f6nnen:<\/span><\/p>\r\n<p><strong>Curriculum zur fachlichen Bef\u00e4higung in<\/strong> <strong><span style=\"color: #ff0000;\">&#8220;<\/span><\/strong><strong style=\"color: #ff0000;\"><a style=\"color: #ff0000;\" href=\"https:\/\/www.evi.de\/daun\/wp-content\/uploads\/sites\/2\/2018\/04\/Gruppenpsychotherapie.pdf\">GRUPPENPSYCHOTHERAPIE&#8221;<\/a>\u00a0 \u00a0 \u00a0 \u00a0 \u00a0 \u00a0 \u00a0 \u00a0 \u00a0 \u00a0 \u00a0 \u00a0 \u00a0 \u00a0 \u00a0 \u00a0 \u00a0 \u00a0 \u00a0 \u00a0 \u00a0 \u00a0 \u00a0 \u00a0 \u00a0 \u00a0 \u00a0 \u00a0 \u00a0 \u00a0\u00a0<\/strong><\/p>\r\n<p>Das Eifeler Verhaltenstherapieinstitut EVI bietet ein Curriculum f\u00fcr Psychologische Psychotherapeuten und \u00c4rzte sowie Psychologen in Ausbildung zum Psychologischen Psychotherapeuten an, in welchem die \u201eFachliche Bef\u00e4higung Gruppenpsychotherapie (VT)\u201c gem\u00e4\u00df \u00a75 Abs. 5 der Psychotherapie-Richtlinie (PT-RL) erworben werden kann. Die Weiterbildung f\u00fchrt zur Abrechnungsgenehmigung der Geb\u00fchrenziffern des EBM 2000 f\u00fcr Gruppenpsychotherapie und bef\u00e4higt zur Gruppenbehandlung im ambulanten, teilstation\u00e4ren und station\u00e4ren Bereich.<\/p>\r\n<p>Dieses &#8220;Curriculum Gruppenpsychotherapie&#8221; ist nat\u00fcrlich auch f\u00fcr EVI-Ausbildungskandidaten offen, allerdings sind die F\u00f6rderm\u00f6glichkeiten der KV-Rheinland-Pfalz den schon approbierten und vertragspsychotherapeutisch t\u00e4tigen Kollegen vorbehalten. Inhalte des Curriculums entnehmen Sie bitte dem Flyer in der Anlage. Theorieeinheiten zur Gruppenbehandlung und die Selbsterfahrung in der Gruppe, welche bereits im Rahmen der Ausbildung bei EVI absolviert wurden, k\u00f6nnen f\u00fcr die Teilnahme am &#8220;Curriculum Gruppenpsychotherapie&#8221; anerkannt werden.<\/p>\r\n<p><u>Achtung<\/u>: <strong>F\u00fcr Mitglieder der KV RLP bestehen F\u00f6rderm\u00f6glichkeiten bis zu 2500\u20ac.<\/strong><\/p>\r\n<p><em>Bei Fragen zu diesem Curriculum wenden Sie sich bitte an Frau Sylvia Dockendorf-Sch\u00e4fer, MEDIAN Kliniken Daun &#8211; Am Rosenberg (<a href=\"mailto:sylvia.dockendorf-schaefer@median-kliniken.de\">sylvia.dockendorf-schaefer@median-kliniken.de<\/a>) oder Herrn Oliver Kreh, MEDIAN Klinik T\u00f6nisstein (<a href=\"mailto:oliver.kreh@median-kliniken.de\">oliver.kreh@median-kliniken.de<\/a>).<\/em><\/p>\r\n<p><span style=\"color: #ff0000;\"><strong><span style=\"color: #000000;\">N\u00e4here Informationen laden Sie bitte hier herunter:<\/span><\/strong><em><strong><br \/><\/strong><\/em><strong><em><a style=\"color: #ff0000;\" href=\"https:\/\/www.evi.de\/wp-content\/uploads\/2019\/11\/Fachliche-Bef\u00e4higung-GPT.pdf\">Info Fachliche Bef\u00e4higung GPT<\/a><a style=\"color: #ff0000;\" href=\"https:\/\/www.evi.de\/koeln\/wp-content\/uploads\/sites\/3\/2021\/03\/Fachliche-Bef\u00e4higung-GPT.pdf\"><br \/><\/a><a style=\"color: #ff0000;\" href=\"https:\/\/www.evi.de\/koeln\/wp-content\/uploads\/sites\/3\/2023\/09\/Flyer_Gruppenpsychotherapie_2023_06_29.pdf\">Flyer Gruppenpsychotherapie<\/a><a style=\"color: #ff0000;\" href=\"https:\/\/www.evi.de\/koeln\/wp-content\/uploads\/sites\/3\/2021\/03\/Fachliche-Bef\u00e4higung-GPT.pdf\"><br \/><\/a><a style=\"color: #ff0000;\" href=\"https:\/\/www.evi.de\/koeln\/wp-content\/uploads\/sites\/3\/2023\/09\/GBO-Gruppenpsychotherapie_2023_06_29.pdf\">Geb\u00fchrenordnung Gruppenpsychotherapie<\/a><a style=\"color: #ff0000;\" href=\"https:\/\/www.evi.de\/koeln\/wp-content\/uploads\/sites\/3\/2021\/03\/Fachliche-Bef\u00e4higung-GPT.pdf\"><br \/><\/a><a style=\"color: #ff0000;\" href=\"https:\/\/www.evi.de\/koeln\/wp-content\/uploads\/sites\/3\/2023\/09\/Aufnahmeantrag-GPT_2023_07.pdf\">Aufnahmeantrag Gruppenpsychotherapie<\/a><a style=\"color: #ff0000;\" href=\"https:\/\/www.evi.de\/koeln\/wp-content\/uploads\/sites\/3\/2021\/03\/Fachliche-Bef\u00e4higung-GPT.pdf\"><br \/><\/a><\/em><\/strong><strong><em><a style=\"color: #ff0000;\" href=\"https:\/\/www.evi.de\/koeln\/wp-content\/uploads\/sites\/3\/2021\/11\/GPT-FachlicheBef\u00e4higung-Kurse-WS-2021-2022_Stand_08_11_2021.pdf\">Weiterbildungscurricula SS 2023<\/a><\/em><\/strong><strong><em><a style=\"color: #ff0000;\" href=\"https:\/\/www.evi.de\/koeln\/wp-content\/uploads\/sites\/3\/2021\/11\/GPT-FachlicheBef\u00e4higung-Kurse-WS-2021-2022_Stand_08_11_2021.pdf\"><br \/><\/a><\/em><\/strong><\/span><\/p>\r\n<!-- \/wp:post-content -->","protected":false},"excerpt":{"rendered":"<p>Wir freuen uns, Ihnen ein zus\u00e4tzliches Weiterbildungs-Curriculum\u00a0anbieten zu k\u00f6nnen: Curriculum zur fachlichen Bef\u00e4higung in &#8220;GRUPPENPSYCHOTHERAPIE&#8221;\u00a0 \u00a0 \u00a0 \u00a0 \u00a0 \u00a0 \u00a0 \u00a0 \u00a0 \u00a0 \u00a0 \u00a0 \u00a0 \u00a0 \u00a0 \u00a0 &#8230;<\/p>\n","protected":false},"author":2,"featured_media":0,"parent":0,"menu_order":0,"comment_status":"closed","ping_status":"closed","template":"template-left-sidebar.php","meta":{"footnotes":""},"class_list":["post-643","page","type-page","status-publish","hentry"],"_links":{"self":[{"href":"https:\/\/www.evi.de\/koeln\/wp-json\/wp\/v2\/pages\/643","targetHints":{"allow":["GET"]}}],"collection":[{"href":"https:\/\/www.evi.de\/koeln\/wp-json\/wp\/v2\/pages"}],"about":[{"href":"https:\/\/www.evi.de\/koeln\/wp-json\/wp\/v2\/types\/page"}],"author":[{"embeddable":true,"href":"https:\/\/www.evi.de\/koeln\/wp-json\/wp\/v2\/users\/2"}],"replies":[{"embeddable":true,"href":"https:\/\/www.evi.de\/koeln\/wp-json\/wp\/v2\/comments?post=643"}],"version-history":[{"count":25,"href":"https:\/\/www.evi.de\/koeln\/wp-json\/wp\/v2\/pages\/643\/revisions"}],"predecessor-version":[{"id":1022,"href":"https:\/\/www.evi.de\/koeln\/wp-json\/wp\/v2\/pages\/643\/revisions\/1022"}],"wp:attachment":[{"href":"https:\/\/www.evi.de\/koeln\/wp-json\/wp\/v2\/media?parent=643"}],"curies":[{"name":"wp","href":"https:\/\/api.w.org\/{rel}","templated":true}]}}