{"id":449,"date":"2017-07-21T07:28:43","date_gmt":"2017-07-21T05:28:43","guid":{"rendered":"http:\/\/evi.bik-kreativ.de\/koeln\/?page_id=449"},"modified":"2026-04-16T10:04:13","modified_gmt":"2026-04-16T08:04:13","slug":"wir-ueber-uns","status":"publish","type":"page","link":"https:\/\/www.evi.de\/koeln\/","title":{"rendered":"Wir \u00fcber uns"},"content":{"rendered":"<p>Das Eifeler Verhaltenstherapie-Institut e.V. (EVI) wurde im Jahr 1992 als gemeinn\u00fctzig eingetragener Verein gegr\u00fcndet.<\/p>\n<p>Am 01.01.1999 erfolgte mit Inkrafttreten des Psychotherapeutengesetzes die staatliche Anerkennung des Ausbildungsinstitutes f\u00fcr die Ausbildung zum Psychologischen Psycho\u00adtherapeuten mit dem Vertiefungsfach \u201eVerhaltenstherapie\u201c.<\/p>\n<p>Unsere Institutsambulanz ist erm\u00e4chtigt zur Teilnahme an der vertragspsychotherapeutischen Versorgung in der Behandlung von Erwachsenen.<\/p>\n<p>Wir konzentrieren uns im Bereich der Psychotherapie-Ausbildung auf folgende Angebote:<\/p>\n<ul>\n<li>Ausbildung zum Psychologischen Psychotherapeuten (Staatliche Abschlusspr\u00fcfung und Approbation)<\/li>\n<li>\u00c4rztliche Weiterbildung<\/li>\n<li>Entspannungsverfahren<\/li>\n<li>Gruppenpsychotherapie<\/li>\n<li>Fortbildungen f\u00fcr interessierte Gasth\u00f6rer aus der Region<\/li>\n<\/ul>\n<p>Wir sind ein kleines Ausbildungsinstitut, das hervorragend vernetzt ist mit seinen Ausbil\u00addungskandidaten, den Dozenten, Supervisoren und kooperierenden Einrichtungen.<\/p>\n<p>Wir bieten eine qualitativ hochwertige Ausbildung an.<\/p>\n<p>Und f\u00fcr unsere Ambulanzpatienten bieten wir eine hochwertige Psychotherapie an.<\/p>\n<p>Ein st\u00e4ndiger Austausch aller Beteiligten ist garantiert. Wir legen keinen Wert auf einen Massenbetrieb, sondern sind stolz darauf, jeden einzelnen unserer Ausbildungskandidaten und Kooperationspartner zu kennen.<\/p>\n<p><strong>Wir verf\u00fcgen inzwischen \u00fcber eine 25j\u00e4hrige Ausbildungserfahrung, die wir gerne an Sie weitergeben. <\/strong><\/p>\n<p><strong>\u00a0<\/strong><\/p>\n<h4>Unsere Philosophie<\/h4>\n<p>Wir haben uns bewusst f\u00fcr die Rechtsform eines gemeinn\u00fctzigen eingetragenen Vereins ent\u00adschieden, da es uns nicht um immer weitere Expansion und Profitorientierung geht, sondern wir daran interessiert sind, unseren Ausbildungskandidaten und zuk\u00fcnftigen Psychotherapeuten eine hervorragende Lernumgebung, eine individuelle Betreuung,\u00a0 eine \u00fcberschaubare Struktur und eine famili\u00e4re Atmosph\u00e4re zu erm\u00f6glichen.<\/p>\n<p>Wir wollen eine \u201e<strong>Ausbildung aus einer Hand<\/strong>\u201c anbieten:<\/p>\n<p>Es ist in unserer Struktur nicht erforderlich, gro\u00dfe Wege zur\u00fcckzulegen. Die Patientenbehand\u00adlungen finden ausschlie\u00dflich an den Institutsambulanzen statt und die Theorieveranstaltungen sind ebenfalls auf einen Veranstaltungsort konzentriert. Die Zuweisung von Patienten an unsere Ausbildungskandidaten erfolgt zentral vor Ort und wird gesteuert durch die Institutsambulanz, so dass keine eigenst\u00e4ndigen Patienten-Akquisen erforderlich sind.<\/p>\n<p>Im Rahmen der Ambulanten Patientenversorgung (Institutsambulanz) werden die Ausbildungs\u00adkandidaten durch die Patientenzuweisungen und Patiententerminierungen unterst\u00fctzt, werden beraten zum Antragsverfahren und abgesichert in schwierigen Behandlungssituationen.<\/p>\n<p>Dies gew\u00e4hrleistet eine kontinuierliche Entwicklung einer professionellen Identit\u00e4t sowohl durch Rollenvorbilder, eine konstante Lerngruppe sowie eine kontinuierliche Begleitung durch die Ausbilder.<\/p>\n<p>Wir unterst\u00fctzen Sie bei der Abkl\u00e4rung der Zulassungsvoraussetzungen, aber auch in pers\u00f6n\u00adlichen Fragen zur Ausbildungsplanung.<\/p>\n<p><strong>Durch unsere enge Kooperation mit ausgew\u00e4hlten kooperierenden Kliniken bzw. Einrichtungen k\u00f6nnen wir bei der Vermittlung einer Klinikstelle hilfreich unterst\u00fctzen.<\/strong><\/p>\n<p>Sie k\u00f6nnen sich bei uns entscheiden, ob Sie im Rahmen Ihrer Ausbildung zum Psychologischen Psychotherapeuten lieber in einer l\u00e4ndlichen Region oder in einer Gro\u00dfstadt leben und arbeiten wollen.<\/p>\n<div id=\"mainContainer\">\n<h4>Vorstand des Eifeler Verhaltenstherapie-Instituts<\/h4>\n<p>Dem Vorstand obliegt die Gesch\u00e4ftsleitung, die Vorbereitung und Ausf\u00fchrung der Vereinsbeschl\u00fcsse sowie die Beschaffung und Verwendung finanzieller Mittel.<\/p>\n<p>Der Vorstand des EVI besteht aus folgenden Mitgliedern<\/p>\n<div id=\"vorstand_links\">\n<p><strong>1. Vorsitzende<\/strong><\/p>\n<p>Martina Fischer<br \/>\nE-Mail: <a href=\"mailto:mfischer@evi.de\">mfischer@evi.de<\/a><\/p>\n<p><strong>2. Vorsitzende:<\/strong><\/p>\n<p>Britta Johannsen<br \/>\nE-Mail: <a href=\"mailto:bjohannsen@evi.de\">bjohannsen@evi.de<\/a><\/p>\n<p><strong>2. Vorsitzender:<\/strong><\/p>\n<p>Dr. med. Hubert C. Buschmann<br \/>\nE-Mail: <a href=\"mailto:hbuschmann@t-online.de\">hbuschmann@t-online.de<\/a><\/p>\n<p><strong>Schatzmeister:<\/strong><\/p>\n<p>Oliver Kreh<br \/>\nE-Mail: <a href=\"mailto:oliver.kreh@therapie-rhein-ahr.de\">oliver.kreh@therapie-rhein-ahr.de<\/a><\/p>\n<p><strong>Schriftf\u00fchrer:<\/strong><\/p>\n<p>Dr. Bernd Schneider<br \/>\nE-Mail: <a href=\"mailto:bernd.schneider@median-kliniken.de\">bernd.schneider@median-kliniken.de<\/a><\/p>\n<p><strong>Beisitzer:<\/strong><\/p>\n<p>Patrick Burkard<br \/>\nE-Mail:\u00a0<a href=\"mailto:patrick.burkard@srh.de\">patrick.burkard@srh.de<\/a><\/p>\n<p><strong>Beisitzer:<\/strong><\/p>\n<p>Andreas Nau<strong><br \/>\n<\/strong>E-Mail: <a href=\"mailto:evi-koeln@k-vt.net\">evi-koeln@k-vt.net<\/a><\/p>\n<\/div>\n<div id=\"vorstand_links\"><\/div>\n<\/div>\n","protected":false},"excerpt":{"rendered":"<p>Das Eifeler Verhaltenstherapie-Institut e.V. (EVI) wurde im Jahr 1992 als gemeinn\u00fctzig eingetragener Verein gegr\u00fcndet. Am 01.01.1999 erfolgte mit Inkrafttreten des Psychotherapeutengesetzes die staatliche Anerkennung des Ausbildungsinstitutes f\u00fcr die Ausbildung zum &#8230;<\/p>\n","protected":false},"author":1,"featured_media":0,"parent":0,"menu_order":0,"comment_status":"closed","ping_status":"closed","template":"template-left-sidebar.php","meta":{"footnotes":""},"class_list":["post-449","page","type-page","status-publish","hentry"],"_links":{"self":[{"href":"https:\/\/www.evi.de\/koeln\/wp-json\/wp\/v2\/pages\/449","targetHints":{"allow":["GET"]}}],"collection":[{"href":"https:\/\/www.evi.de\/koeln\/wp-json\/wp\/v2\/pages"}],"about":[{"href":"https:\/\/www.evi.de\/koeln\/wp-json\/wp\/v2\/types\/page"}],"author":[{"embeddable":true,"href":"https:\/\/www.evi.de\/koeln\/wp-json\/wp\/v2\/users\/1"}],"replies":[{"embeddable":true,"href":"https:\/\/www.evi.de\/koeln\/wp-json\/wp\/v2\/comments?post=449"}],"version-history":[{"count":18,"href":"https:\/\/www.evi.de\/koeln\/wp-json\/wp\/v2\/pages\/449\/revisions"}],"predecessor-version":[{"id":1039,"href":"https:\/\/www.evi.de\/koeln\/wp-json\/wp\/v2\/pages\/449\/revisions\/1039"}],"wp:attachment":[{"href":"https:\/\/www.evi.de\/koeln\/wp-json\/wp\/v2\/media?parent=449"}],"curies":[{"name":"wp","href":"https:\/\/api.w.org\/{rel}","templated":true}]}}