{"id":721,"date":"2018-05-01T12:19:50","date_gmt":"2018-05-01T10:19:50","guid":{"rendered":"https:\/\/www.evi.de\/daun\/?page_id=721"},"modified":"2023-09-05T21:15:34","modified_gmt":"2023-09-05T19:15:34","slug":"aktuelles-2","status":"publish","type":"page","link":"https:\/\/www.evi.de\/daun\/aktuelles-2\/","title":{"rendered":"Weiterbildungscurricula"},"content":{"rendered":"<h4><span style=\"color: #339966;\">Wir freuen uns, Ihnen zwei <strong>zus\u00e4tzliche Weiterbildungs-Curricula<\/strong> anbieten zu k\u00f6nnen:<\/span><\/h4>\r\n<ul>\r\n<li><strong>Curriculum zur fachlichen Bef\u00e4higung in<\/strong> <strong><span style=\"color: #ff0000;\">&#8220;<\/span><\/strong><strong style=\"color: #ff0000;\"><a style=\"color: #ff0000;\" href=\"https:\/\/www.evi.de\/daun\/wp-content\/uploads\/sites\/2\/2018\/04\/Gruppenpsychotherapie.pdf\">GRUPPENPSYCHOTHERAPIE&#8221;:<\/a>\u00a0 \u00a0 \u00a0 \u00a0 \u00a0 \u00a0 \u00a0 \u00a0 \u00a0 \u00a0 \u00a0 \u00a0 \u00a0 \u00a0 \u00a0 \u00a0 \u00a0 \u00a0 \u00a0 \u00a0 \u00a0 \u00a0 \u00a0 \u00a0 \u00a0 \u00a0 \u00a0 \u00a0 \u00a0 \u00a0 \u00a0<\/strong><\/li>\r\n<\/ul>\r\n<p style=\"padding-left: 30px;\">Das Eifeler Verhaltenstherapieinstitut EVI bietet ein Curriculum f\u00fcr Psychologische Psychotherapeuten und \u00c4rzte sowie Psychologen in Ausbildung zum Psychologischen Psychotherapeuten an, in welchem die \u201eFachliche Bef\u00e4higung Gruppenpsychotherapie (VT)\u201c gem\u00e4\u00df \u00a75 Abs. 5 der Psychotherapie-Richtlinie (PT-RL) erworben werden kann. Die Weiterbildung f\u00fchrt zur Abrechnungsgenehmigung der Geb\u00fchrenziffern des EBM 2000 f\u00fcr Gruppenpsychotherapie und bef\u00e4higt zur Gruppenbehandlung im ambulanten, teilstation\u00e4ren und station\u00e4ren Bereich.<\/p>\r\n<p style=\"padding-left: 30px;\">Dieses &#8220;Curriculum Gruppenpsychotherapie&#8221; ist nat\u00fcrlich auch f\u00fcr EVI-Ausbildungskandidaten offen, allerdings sind die F\u00f6rderm\u00f6glichkeiten der KV-Rheinland-Pfalz den schon approbierten und vertragspsychotherapeutisch t\u00e4tigen Kollegen vorbehalten. Inhalte des Curriculums entnehmen Sie bitte dem Flyer in der Anlage. Theorieeinheiten zur Gruppenbehandlung und die Selbsterfahrung in der Gruppe, welche bereits im Rahmen der Ausbildung bei EVI absolviert wurden, k\u00f6nnen f\u00fcr die Teilnahme am &#8220;Curriculum Gruppenpsychotherapie&#8221; anerkannt werden.<\/p>\r\n<p style=\"padding-left: 30px;\"><u>Achtung<\/u>: <strong>F\u00fcr Mitglieder der KV RLP bestehen F\u00f6rderm\u00f6glichkeiten bis zu 2500\u20ac.<\/strong><\/p>\r\n<p style=\"padding-left: 30px;\"><em>Bei Fragen zu diesem Curriculum wenden Sie sich bitte an Frau Sylvia Dockendorf-Sch\u00e4fer, MEDIAN Kliniken Daun &#8211; Am Rosenberg (<a href=\"mailto:sylvia.dockendorf-schaefer@median-kliniken.de\">sylvia.dockendorf-schaefer@median-kliniken.de<\/a>) oder Herrn Oliver Kreh, MEDIAN Klinik T\u00f6nisstein (<a href=\"mailto:oliver.kreh@median-kliniken.de\">oliver.kreh@median-kliniken.de<\/a>).<\/em><\/p>\r\n<p style=\"padding-left: 30px;\"><span style=\"color: #ff0000;\"><strong><span style=\"color: #000000;\">N\u00e4here Informationen laden Sie bitte hier herunter:<\/span><\/strong><em><strong><br \/><\/strong><\/em><\/span><span style=\"color: #ff0000;\"><strong style=\"font-size: inherit;\"><em><strong><a style=\"color: #ff0000;\" href=\"https:\/\/www.evi.de\/wp-content\/uploads\/2019\/11\/Fachliche-Bef\u00e4higung-GPT.pdf\">Info Fachliche Bef\u00e4higung GPT<\/a><a style=\"color: #ff0000;\" href=\"https:\/\/www.evi.de\/daun\/wp-content\/uploads\/sites\/2\/2021\/05\/Weiterbildungscurr_Fachl.-Bef\u00e4higungGPT-K\u00f6ln-SS-2021.pdf\"><br \/><\/a><\/strong><\/em><\/strong><strong style=\"font-size: inherit;\"><em><strong><a style=\"color: #ff0000;\" href=\"https:\/\/www.evi.de\/daun\/wp-content\/uploads\/sites\/2\/2023\/09\/Flyer_Gruppenpsychotherapie_2023_06_29.pdf\">Flyer Gruppenpsychotherapie<\/a><br \/><\/strong><\/em><\/strong><strong style=\"font-size: inherit;\"><em><strong><a style=\"color: #ff0000;\" href=\"https:\/\/www.evi.de\/daun\/wp-content\/uploads\/sites\/2\/2023\/09\/GBO-Gruppenpsychotherapie_2023_06_29.pdf\">Geb\u00fchrenordnung Gruppenpsychotherapie<\/a><br \/><\/strong><\/em><\/strong><strong style=\"font-size: inherit;\"><em><strong><a href=\"https:\/\/www.evi.de\/daun\/wp-content\/uploads\/sites\/2\/2023\/09\/Aufnahmeantrag-GPT_2023_07.pdf\"><span style=\"color: #ff0000;\">Aufnahmeantrag <\/span><\/a><a style=\"color: #ff0000;\" href=\"https:\/\/www.evi.de\/daun\/wp-content\/uploads\/sites\/2\/2021\/05\/Weiterbildungscurr_Fachl.-Bef\u00e4higungGPT-K\u00f6ln-SS-2021.pdf\"><span style=\"color: #ff0000;\">Gruppenpsychotherapie<\/span><\/a><br \/><a style=\"color: #ff0000;\" href=\"https:\/\/www.evi.de\/wp-content\/uploads\/2019\/11\/GPT-FachlicheBef\u00e4higung-Kurse-SS-2023_Stand_2_01_2023.pdf\">Weiterbildungscurricula SS 2023<\/a><br \/><\/strong><\/em><\/strong><\/span><\/p>\r\n<p>&nbsp;<\/p>\r\n<ul>\r\n<li><strong>Curriculum zur praktischen Weiterbildung im Bereich<\/strong> <span style=\"color: #ff0000;\"><strong>&#8220;<a style=\"color: #ff0000;\" href=\"https:\/\/www.evi.de\/wp-content\/uploads\/2018\/08\/2018-05-24-Werbung-Psychodiabetologie-1.docx\">PSYCHODIABETOLOGIE<\/a>&#8220;:<\/strong><\/span><\/li>\r\n<\/ul>\r\n<p style=\"text-align: left; padding-left: 30px;\">Am Eifeler Verhaltenstherapie-Institut e.V. als von der LPK Rheinland-Pfalz zugelassener Weiterbildungsst\u00e4tte ist eine Weiterbildung im Bereich \u201ePsychodiabetologie\u201c\/zum <span style=\"color: #ff0000;\"><strong>PSYCHODIABETOLOGEN\u00a0<\/strong><\/span>m\u00f6glich!<br \/>Diabetes mellitus ist eine der h\u00e4ufigsten Erkrankung in den westlichen L\u00e4ndern und wirkt sich bei den Betroffenen in nahezu allen Lebensbereiche aus.<br \/><span style=\"color: #ff0000;\">Es gibt in Deutschland aktuell weniger als 60 Psychodiabetologen.<\/span><br \/>Diabetiker, Diabetesberater und Diabetologen suchen Psychotherapeuten mit speziellen Kenntnissen in Diabetologie, da die Behandlung NICHT aus \u201eda muss man halt messen und spritzen und alles l\u00e4uft gut\u201c besteht.<br \/><strong>Wir bieten<\/strong><br \/>&#8211; Kenntnisse der engen Zusammenh\u00e4nge zwischen Psyche und Physiologie<br \/>&#8211; vertiefende praktische Kenntnisse in Diabetologie<br \/>&#8211; Networking<\/p>\r\n<p style=\"padding-left: 30px;\">Senden Sie Ihre <strong>Bewerbung <\/strong>mit Lebenslauf und Approbations-Urkunde sowie ggf. weiteren Qualifikationsnachweisen an:<\/p>\r\n<p style=\"padding-left: 30px;\"><strong>Eifeler Verhaltenstherapie-Institut e.V.<\/strong>\u00a0\u00a0\u00a0\u00a0\u00a0\u00a0\u00a0\u00a0\u00a0\u00a0 oder online: <strong><a href=\"mailto:evi-daun@t-online.de\">evi-daun@t-online.de<\/a><\/strong><br \/><strong>Freiherr-vom-Stein-Str. 1a\u00a0<\/strong><br \/><strong>54550 Daun<\/strong><\/p>\r\n<p style=\"padding-left: 30px;\"><em>Bei Fragen zu diesem Curriculum wenden Sie sich bitte an Frau Verena Polz, Psychotherapeutische Praxis Bitburg (<a href=\"mailto:praxis-polz@psychotherapie-bitburg.de\">praxis-polz@psychotherapie-bitburg.de<\/a>).<\/em><\/p>\r\n<p style=\"padding-left: 30px;\">N\u00e4here Informationen laden Sie bitte hier herunter:<span style=\"color: #ff0000;\"><strong><em><a style=\"color: #ff0000;\" href=\"https:\/\/www.evi.de\/wp-content\/uploads\/2018\/08\/Scan0058-Psy-Diabet.AB-Inhalte_vollst..pdf\"><br \/><\/a><span style=\"color: #ff0000;\"><a style=\"color: #ff0000;\" href=\"https:\/\/www.evi.de\/daun\/wp-content\/uploads\/sites\/2\/2023\/09\/277-B-WB_Psychodiabetologie-Fortlauf-AKs_EVI_2023-08-31.pdf\">Flyer Psychodiabetologie<\/a><a style=\"color: #ff0000;\" href=\"https:\/\/www.evi.de\/wp-content\/uploads\/2018\/08\/Scan0058-Psy-Diabet.AB-Inhalte_vollst..pdf\"><br \/><\/a><a style=\"color: #ff0000;\" href=\"https:\/\/www.evi.de\/wp-content\/uploads\/2018\/08\/Scan0058-Psy-Diabet.AB-Inhalte_vollst..pdf\">Psychodiabetologie (WBO LPK RLP)<\/a><a style=\"color: #ff0000;\" href=\"https:\/\/www.evi.de\/wp-content\/uploads\/2018\/08\/Scan0058-Psy-Diabet.AB-Inhalte_vollst..pdf\"><strong><br \/><\/strong><\/a><a style=\"color: #ff0000;\" href=\"https:\/\/www.evi.de\/wp-content\/uploads\/2018\/08\/2018-06-18-GBO-Psychodiabetologie-Fin.docx\">Geb\u00fchrenordnung Psychodiabetologie<\/a><a style=\"color: #ff0000;\" href=\"https:\/\/www.evi.de\/wp-content\/uploads\/2018\/08\/Scan0058-Psy-Diabet.AB-Inhalte_vollst..pdf\"><br \/><\/a><a style=\"color: #ff0000;\" href=\"https:\/\/www.evi.de\/daun\/wp-content\/uploads\/sites\/2\/2023\/09\/259-F_Aufnahmeantrag-Psychodiabeotlogie_2023-08-31.pdf\">Aufnahmeantrag Psychodiabetologie<\/a><a style=\"color: #ff0000;\" href=\"https:\/\/www.evi.de\/wp-content\/uploads\/2018\/08\/Scan0058-Psy-Diabet.AB-Inhalte_vollst..pdf\"><br \/><\/a><a style=\"color: #ff0000;\" href=\"https:\/\/www.evi.de\/daun\/wp-content\/uploads\/sites\/2\/2021\/06\/2020-12-17-Liste_Anerk_SV-Psychodiabetologie.pdf\">Anerkannte Supervisoren Psychodiabetologie<\/a><a style=\"color: #ff0000;\" href=\"https:\/\/www.evi.de\/wp-content\/uploads\/2018\/08\/Scan0058-Psy-Diabet.AB-Inhalte_vollst..pdf\"><br \/><\/a><a style=\"color: #ff0000;\" href=\"https:\/\/www.evi.de\/wp-content\/uploads\/2018\/08\/Eintrag_ins_Weiterbildungsregister_neu.pdf\">Eintrag ins Weiterbildungsregister<\/a><\/span><a style=\"color: #ff0000;\" href=\"https:\/\/www.evi.de\/wp-content\/uploads\/2018\/08\/Scan0058-Psy-Diabet.AB-Inhalte_vollst..pdf\"><br \/><\/a><\/em><\/strong><\/span><\/p>\r\n\r\n<p>&nbsp;<\/p>\r\n","protected":false},"excerpt":{"rendered":"<p>Wir freuen uns, Ihnen zwei zus\u00e4tzliche Weiterbildungs-Curricula anbieten zu k\u00f6nnen: Curriculum zur fachlichen Bef\u00e4higung in &#8220;GRUPPENPSYCHOTHERAPIE&#8221;:\u00a0 \u00a0 \u00a0 \u00a0 \u00a0 \u00a0 \u00a0 \u00a0 \u00a0 \u00a0 \u00a0 \u00a0 \u00a0 \u00a0 \u00a0 &#8230;<\/p>\n","protected":false},"author":2,"featured_media":0,"parent":0,"menu_order":0,"comment_status":"closed","ping_status":"closed","template":"","meta":{"footnotes":""},"class_list":["post-721","page","type-page","status-publish","hentry"],"_links":{"self":[{"href":"https:\/\/www.evi.de\/daun\/wp-json\/wp\/v2\/pages\/721","targetHints":{"allow":["GET"]}}],"collection":[{"href":"https:\/\/www.evi.de\/daun\/wp-json\/wp\/v2\/pages"}],"about":[{"href":"https:\/\/www.evi.de\/daun\/wp-json\/wp\/v2\/types\/page"}],"author":[{"embeddable":true,"href":"https:\/\/www.evi.de\/daun\/wp-json\/wp\/v2\/users\/2"}],"replies":[{"embeddable":true,"href":"https:\/\/www.evi.de\/daun\/wp-json\/wp\/v2\/comments?post=721"}],"version-history":[{"count":39,"href":"https:\/\/www.evi.de\/daun\/wp-json\/wp\/v2\/pages\/721\/revisions"}],"predecessor-version":[{"id":1156,"href":"https:\/\/www.evi.de\/daun\/wp-json\/wp\/v2\/pages\/721\/revisions\/1156"}],"wp:attachment":[{"href":"https:\/\/www.evi.de\/daun\/wp-json\/wp\/v2\/media?parent=721"}],"curies":[{"name":"wp","href":"https:\/\/api.w.org\/{rel}","templated":true}]}}