{"id":7,"date":"2017-03-07T10:56:31","date_gmt":"2017-03-07T09:56:31","guid":{"rendered":"http:\/\/evi.bik-kreativ.de\/daun\/?page_id=7"},"modified":"2017-07-21T10:54:28","modified_gmt":"2017-07-21T08:54:28","slug":"pluspunkte-fuer-sie","status":"publish","type":"page","link":"https:\/\/www.evi.de\/daun\/pluspunkte-fuer-sie\/","title":{"rendered":"Pluspunkte f\u00fcr Sie"},"content":{"rendered":"<h4>Pluspunkte f\u00fcr Sie in <u>Daun \/Vulkaneifel<\/u><\/h4>\n<p>&nbsp;<\/p>\n<ul>\n<li>Theorie-Seminare in den R\u00e4umen der MEDIAN Kliniken Daun<\/li>\n<li>Patientenbehandlungen (Praktische Ausbildung) in der Institutsambulanz in Daun<\/li>\n<li>Durchf\u00fchrung von bis zu 200 Behandlungsstunden i.R. der Praktischen T\u00e4tigkeit vor der Zwischenpr\u00fcfung<\/li>\n<li>Gute Vernetzung mit den kooperierenden Einrichtungen in der Region (in der Regel wird die Praktische T\u00e4tigkeit verg\u00fctet und es bestehen sehr gute M\u00f6glichkeiten \u00fcbernommen zu werden)<\/li>\n<li>Kleine Kurse, keiner geht (oder f\u00fchlt sich) verloren<\/li>\n<li>\u201eRaus aus der Gro\u00dfstadt\u201c \u2013 komfortabel leben in der l\u00e4ndlichen Region mit Anbindung an Trier, Luxemburg, Koblenz, K\u00f6ln Bonn<\/li>\n<li>Hoher Sport- und Freizeitwert<\/li>\n<li>G\u00fcnstige Lebenskosten<\/li>\n<\/ul>\n<p>Erforderlich: eigenes Auto! &#8211; aber: keine Parkplatzprobleme!<\/p>\n","protected":false},"excerpt":{"rendered":"<p>Pluspunkte f\u00fcr Sie in Daun \/Vulkaneifel &nbsp; Theorie-Seminare in den R\u00e4umen der MEDIAN Kliniken Daun Patientenbehandlungen (Praktische Ausbildung) in der Institutsambulanz in Daun Durchf\u00fchrung von bis zu 200 Behandlungsstunden i.R. &#8230;<\/p>\n","protected":false},"author":1,"featured_media":0,"parent":0,"menu_order":0,"comment_status":"closed","ping_status":"closed","template":"template-left-sidebar.php","meta":{"footnotes":""},"class_list":["post-7","page","type-page","status-publish","hentry"],"_links":{"self":[{"href":"https:\/\/www.evi.de\/daun\/wp-json\/wp\/v2\/pages\/7","targetHints":{"allow":["GET"]}}],"collection":[{"href":"https:\/\/www.evi.de\/daun\/wp-json\/wp\/v2\/pages"}],"about":[{"href":"https:\/\/www.evi.de\/daun\/wp-json\/wp\/v2\/types\/page"}],"author":[{"embeddable":true,"href":"https:\/\/www.evi.de\/daun\/wp-json\/wp\/v2\/users\/1"}],"replies":[{"embeddable":true,"href":"https:\/\/www.evi.de\/daun\/wp-json\/wp\/v2\/comments?post=7"}],"version-history":[{"count":9,"href":"https:\/\/www.evi.de\/daun\/wp-json\/wp\/v2\/pages\/7\/revisions"}],"predecessor-version":[{"id":553,"href":"https:\/\/www.evi.de\/daun\/wp-json\/wp\/v2\/pages\/7\/revisions\/553"}],"wp:attachment":[{"href":"https:\/\/www.evi.de\/daun\/wp-json\/wp\/v2\/media?parent=7"}],"curies":[{"name":"wp","href":"https:\/\/api.w.org\/{rel}","templated":true}]}}