{"id":62,"date":"2017-03-07T15:25:42","date_gmt":"2017-03-07T14:25:42","guid":{"rendered":"http:\/\/evi.bik-kreativ.de\/daun\/?page_id=62"},"modified":"2023-02-20T15:47:14","modified_gmt":"2023-02-20T14:47:14","slug":"ausbildungsambulanz","status":"publish","type":"page","link":"https:\/\/www.evi.de\/daun\/ausbildung-daun\/ausbildungsstruktur\/ausbildungsambulanz\/","title":{"rendered":"Ausbildungsambulanz"},"content":{"rendered":"<h4>EVI e.V.: Institutsambulanz Daun<\/h4>\n<p><strong>Anschrift: Freiherr-vom-Stein-Str. 1a, 54550 Daun<\/strong><\/p>\n<p>Das Eifeler Verhaltenstherapie-Institut e.V. und die Ansprechpartner der Institutsambulanz unterst\u00fctzen Sie kontinuierlich:<\/p>\n<ul>\n<li>durch eine differenzierte Einf\u00fchrung in die Ambulanzt\u00e4tigkeit durch einen Ausbildungsleiter<\/li>\n<li>das Erstgespr\u00e4ch\/Indikationsgespr\u00e4ch wird immer mit einem Ausbildungsleiter gef\u00fchrt.<\/li>\n<li>durch Zuweisung von Behandlungsf\u00e4llen mit der Chance, \u00fcber ein gro\u00dfes Spektrum von St\u00f6rungen\u00a0 mit Krankheitswert, bei denen Psychotherapie indiziert ist, eingehende Kenntnisse und Erfahrungen zu erwerben.<\/li>\n<li>bei der Kl\u00e4rung offener Fragen zu Ihren Ambulanztherapien durch Ausbildungsleiter <u>und <\/u>Supervisor<\/li>\n<li>klare Regelungen f\u00fcr Krisen- und Notfallmanagement<\/li>\n<\/ul>\n<h4>Praktische Ausbildung unter Supervision (\u00a7 4 APrV)<\/h4>\n<p>Nach dem Zwischenkolloquium erhalten Sie einen Erg\u00e4nzungsvertrag f\u00fcr die Ambulanzt\u00e4tigkeit, der Ihre Rechte und Pflichten als Ambulanztherapeut regelt. In einer Einf\u00fchrung in die Ambulanzt\u00e4tigkeit durch einen Ausbildungsleiter werden die konkreten Abl\u00e4ufe besprochen, damit Sie sich in Ihrer T\u00e4tigkeit sicher f\u00fchlen. Das Erstgespr\u00e4ch\/Indikationsgespr\u00e4ch wird immer mit einem Ausbildungsleiter gef\u00fchrt.<\/p>\n<p>Die praktische Ausbildung beginnt nachdem Sie die H\u00e4lfte der Ausbildungsinhalte absolviert haben. Sie ist Teil der vertieften Ausbildung in Verhaltenstherapie und dient dem Erwerb sowie der Vertiefung von Kenntnissen und praktischen Kompetenzen bei der Behandlung von Patienten mit St\u00f6rungen nach \u00a7 1 Abs. 3 Satz 1 des Psychotherapeutengesetzes. Sie umfasst mindestens 600 Behandlungsstunden unter Supervision mit mindestens sechs Patientenbehandlungen sowie mindestens 150 Supervisionsstunden, von denen mindestens 50 Stunden als Einzelsupervision durchgef\u00fchrt werden. Die Einzelsupervision dient der tieferen Reflexion des eigenen therapeutischen Handelns. Bei der Gruppensupervision besteht die Gruppe aus durchschnittlich vier Teilnehmern. Die Supervision wird durch mindestens drei anerkannte Supervisoren durchgef\u00fchrt mit einer Supervisionsdichte von durchschnittlich 1:4 auf die Behandlungsstunden verteilt.<\/p>\n<p>W\u00e4hrend der praktischen Ausbildung hat der Ausbildungskandidat mindestens 6 anonymisierte schriftliche Falldarstellungen \u00fcber eigene Patientenbehandlungen (Langzeitf\u00e4lle, mindestens 20 Behandlungsstunden), die unter Supervision stattgefunden haben, zu erstellen. Die Falldarstellungen haben wissenschaftliche Erkenntnisse zu ber\u00fccksichtigen, die Diagnostik, Indikationsstellung und eine Evaluation der Therapieergebnisse mit einzuschlie\u00dfen, ein \u00e4tiologisch orientiertes Krankheitsverst\u00e4ndnis nachzuweisen sowie den Behandlungsverlauf und die Behandlungstechnik in Verbindung mit der Theorie darzustellen. Mindestens zwei dieser Falldarstellungen bilden die Grundlage f\u00fcr den m\u00fcndlichen Teil der staatlichen Pr\u00fcfung. Die Anzahl der Behandlungsstunden, Behandlungsf\u00e4lle und Supervisionssitzungen werden vom Supervisor bescheinigt. Alle durchgef\u00fchrten Behandlungen werden mit einer schriftlichen Dokumentation (Kurzdokumentation oder Langdokumentation) abgeschlossen und durch den Supervisor mit einer Bescheinigung abgenommen.<\/p>\n<p><strong><u>\u00a0<\/u><\/strong><\/p>\n","protected":false},"excerpt":{"rendered":"<p>EVI e.V.: Institutsambulanz Daun Anschrift: Freiherr-vom-Stein-Str. 1a, 54550 Daun Das Eifeler Verhaltenstherapie-Institut e.V. und die Ansprechpartner der Institutsambulanz unterst\u00fctzen Sie kontinuierlich: durch eine differenzierte Einf\u00fchrung in die Ambulanzt\u00e4tigkeit durch einen &#8230;<\/p>\n","protected":false},"author":1,"featured_media":0,"parent":52,"menu_order":0,"comment_status":"closed","ping_status":"closed","template":"template-left-sidebar.php","meta":{"footnotes":""},"class_list":["post-62","page","type-page","status-publish","hentry"],"_links":{"self":[{"href":"https:\/\/www.evi.de\/daun\/wp-json\/wp\/v2\/pages\/62","targetHints":{"allow":["GET"]}}],"collection":[{"href":"https:\/\/www.evi.de\/daun\/wp-json\/wp\/v2\/pages"}],"about":[{"href":"https:\/\/www.evi.de\/daun\/wp-json\/wp\/v2\/types\/page"}],"author":[{"embeddable":true,"href":"https:\/\/www.evi.de\/daun\/wp-json\/wp\/v2\/users\/1"}],"replies":[{"embeddable":true,"href":"https:\/\/www.evi.de\/daun\/wp-json\/wp\/v2\/comments?post=62"}],"version-history":[{"count":7,"href":"https:\/\/www.evi.de\/daun\/wp-json\/wp\/v2\/pages\/62\/revisions"}],"predecessor-version":[{"id":1114,"href":"https:\/\/www.evi.de\/daun\/wp-json\/wp\/v2\/pages\/62\/revisions\/1114"}],"up":[{"embeddable":true,"href":"https:\/\/www.evi.de\/daun\/wp-json\/wp\/v2\/pages\/52"}],"wp:attachment":[{"href":"https:\/\/www.evi.de\/daun\/wp-json\/wp\/v2\/media?parent=62"}],"curies":[{"name":"wp","href":"https:\/\/api.w.org\/{rel}","templated":true}]}}