{"id":50,"date":"2017-03-07T15:22:57","date_gmt":"2017-03-07T14:22:57","guid":{"rendered":"http:\/\/evi.bik-kreativ.de\/daun\/?page_id=50"},"modified":"2018-12-18T14:17:25","modified_gmt":"2018-12-18T13:17:25","slug":"zugangsvoraussetzung-ueberpruefung-lpa","status":"publish","type":"page","link":"https:\/\/www.evi.de\/daun\/vor-der-bewerbung\/zugangsvoraussetzung-ueberpruefung-lpa\/","title":{"rendered":"Zugangsvoraussetzung"},"content":{"rendered":"<h4><strong><span style=\"color: #ff0000;\">Folgende Studienabschl\u00fcsse erm\u00f6glichen eine Zulassung f\u00fcr das Land Rheinland-Pfalz<\/span><\/strong><\/h4>\n<h4><strong><span style=\"color: #ff0000;\">f\u00fcr die Ausbildung zum Psychologischen Psychotherapeuten:<\/span><\/strong><\/h4>\n<ol>\n<li>Diplomstudiengang Psychologie an einer inl\u00e4ndischen Universit\u00e4t oder gleichgestellten Hochschule, in der das Fach &#8220;Klinische Psychologie&#8221; in der Abschlusspr\u00fcfung eingeschlossen war.<\/li>\n<li>Masterstudiengang im Fach Psychologie an einer inl\u00e4ndischen Universit\u00e4t oder gleichgestellten Hochschule, in der das Fach &#8220;Klinische Psychologie&#8221; nachweislich Gegenstand einer Pr\u00fcfungsleistung war\/ist. Hierunter fallen auch Studieng\u00e4nge, die einen Schwerpunkt oder Zusatz beinhalten, z. B. &#8220;Psychologie, Schwerpunkt Klinische Psychologie&#8221;.<\/li>\n<\/ol>\n<p style=\"padding-left: 20px;\">Masterstudieng\u00e4nge, die eine andere Bezeichnung tragen, sogenannte Bindestrich-Psychologie-Studieng\u00e4nge wie bspw. Wirtschaftspsychologie, Rehabilitationspsychologie, Organisationspsychologie, Klinische Psychologie etc. k\u00f6nnen ausnahmsweise zugelassen werden, wenn sie vor dem Wintersemester 2018\/2019 aufgenommen wurden.<\/p>\n<p style=\"padding-left: 20px;\">Masterstudieng\u00e4nge, die keine Pr\u00fcfungsleistung im Fach &#8220;Klinische Psychologie&#8221; nachweisen, auch wenn das Fach &#8220;Klinische Psychologie&#8221; im vorausgegangenen Bachelorstudiengang Psychologie mit einer Pr\u00fcfungsleistung nachgewiesen wurde, k\u00f6nnen aufgrund der Entscheidung des Bundesverwaltungsgerichtes vom 17.08.2017 nicht mehr zugelassen werden.<\/p>\n<p>Antr\u00e4ge auf Pr\u00fcfung von Studienabschl\u00fcssen als Zugangsvoraussetzungen zu den Ausbildungen als Psychologischer Psychotherapeut und Kinder- und Jugendlichenpsychotherapeut durch das Landespr\u00fcfungsamt f\u00fcr Psychotherapie k\u00f6nnen nur von den in Rheinland-Pfalz anerkannten Ausbildungsinstituten gestellt werden.<br \/>\nDurch das Ausbildungsinstitut ist zuvor die pers\u00f6nliche Eignung der Kandidaten festzustellen.<\/p>\n<p><strong>Das Eifeler Verhaltenstherapie-Institut e.V. unterst\u00fctzt Sie bei der Kl\u00e4rung offener Fragen zu Ihrer Zulassung bereits vor Abschluss des Ausbildungsvertrags.<\/strong><\/p>\n","protected":false},"excerpt":{"rendered":"<p>Folgende Studienabschl\u00fcsse erm\u00f6glichen eine Zulassung f\u00fcr das Land Rheinland-Pfalz f\u00fcr die Ausbildung zum Psychologischen Psychotherapeuten: Diplomstudiengang Psychologie an einer inl\u00e4ndischen Universit\u00e4t oder gleichgestellten Hochschule, in der das Fach &#8220;Klinische Psychologie&#8221; &#8230;<\/p>\n","protected":false},"author":1,"featured_media":0,"parent":42,"menu_order":0,"comment_status":"closed","ping_status":"closed","template":"template-left-sidebar.php","meta":{"footnotes":""},"class_list":["post-50","page","type-page","status-publish","hentry"],"_links":{"self":[{"href":"https:\/\/www.evi.de\/daun\/wp-json\/wp\/v2\/pages\/50","targetHints":{"allow":["GET"]}}],"collection":[{"href":"https:\/\/www.evi.de\/daun\/wp-json\/wp\/v2\/pages"}],"about":[{"href":"https:\/\/www.evi.de\/daun\/wp-json\/wp\/v2\/types\/page"}],"author":[{"embeddable":true,"href":"https:\/\/www.evi.de\/daun\/wp-json\/wp\/v2\/users\/1"}],"replies":[{"embeddable":true,"href":"https:\/\/www.evi.de\/daun\/wp-json\/wp\/v2\/comments?post=50"}],"version-history":[{"count":10,"href":"https:\/\/www.evi.de\/daun\/wp-json\/wp\/v2\/pages\/50\/revisions"}],"predecessor-version":[{"id":793,"href":"https:\/\/www.evi.de\/daun\/wp-json\/wp\/v2\/pages\/50\/revisions\/793"}],"up":[{"embeddable":true,"href":"https:\/\/www.evi.de\/daun\/wp-json\/wp\/v2\/pages\/42"}],"wp:attachment":[{"href":"https:\/\/www.evi.de\/daun\/wp-json\/wp\/v2\/media?parent=50"}],"curies":[{"name":"wp","href":"https:\/\/api.w.org\/{rel}","templated":true}]}}