{"id":48,"date":"2017-03-07T15:22:26","date_gmt":"2017-03-07T14:22:26","guid":{"rendered":"http:\/\/evi.bik-kreativ.de\/daun\/?page_id=48"},"modified":"2026-04-08T15:22:36","modified_gmt":"2026-04-08T13:22:36","slug":"informationstage","status":"publish","type":"page","link":"https:\/\/www.evi.de\/daun\/vor-der-bewerbung\/informationstage\/","title":{"rendered":"Informationstage"},"content":{"rendered":"<p><span style=\"color: #ff0000;\"><strong><u>Start neuer Ausbildungskurs:<br \/>\n<\/u><\/strong><\/span><span style=\"color: #ff0000;\">September 2026<br \/>\n<strong>!!! M\u00e4rz 2027 (letztes Curriculum alte Ausbildung) !!!<\/strong><br \/>\n<\/span><\/p>\n<p>Es stehen 18 Pl\u00e4tze zur Verf\u00fcgung f\u00fcr die dreij\u00e4hrige Vollzeit- oder f\u00fcnfj\u00e4hrige Teilzeitausbildung.<br \/>\nBewerbungen sind ab sofort m\u00f6glich \u2013 auch f\u00fcr einen sp\u00e4teren Einstieg.<\/p>\n<h4><span style=\"color: #3366ff;\">EINLADUNG zu unseren Informationstagen in DAUN<\/span><\/h4>\n<p><strong>Warum ist ein Informationstag n\u00fctzlich?<\/strong><br \/>\nGegen Ende des Studiums und mit Planung der Therapieausbildung stellen sich zahlreiche Fragen, die durch das Studium der Homepages von Ausbildungsinstituten nicht immer eindeutig gekl\u00e4rt werden k\u00f6nnen.<br \/>\nIn der Regel beginnt die Suche und Entscheidungsfindung f\u00fcr ein Ausbildungsinstitut schon etwa ein Jahr vor dem Ende des Studiums. Auch die Wahl einer passgenauen Klinikt\u00e4tigkeit (praktische T\u00e4tigkeit) stellt dann erfahrungsgem\u00e4\u00df eine gro\u00dfe H\u00fcrde dar.<\/p>\n<p>Mit unserer \u00fcber 25j\u00e4hrigen Erfahrung und unseren hervorragenden Beziehungen zu den <strong>kooperierenden Kliniken\/Einrichtungen<\/strong> k\u00f6nnen wir Ihnen helfen, einen schnellen Einstieg in die Theorieausbildung (auch Quereinstieg) und die i.d. Regel verg\u00fctete praktische T\u00e4tigkeit zu finden. Im Gegensatz zu vielen Gro\u00dfstadtinstituten gibt es bei uns keine \u201eNadel\u00f6hr-Situation\u201c!<br \/>\nDie Teilnahme ist kostenfrei und Sie k\u00f6nnen alle Fragen stellen, die Ihnen wichtig sind und sich vor Ort ein Bild machen.<\/p>\n<p>Melden Sie sich einfach telefonisch oder per Mail bei unserer Gesch\u00e4ftsstelle: Frau Schulte,<br \/>\nTel. 0 65 92 \u2013 957 08 40, Fax: 0 65 92 \u2013 957 08 39 mail: evi-daun@t-online.de<\/p>\n<p><strong>Wir freuen uns auf Ihre Anmeldung mit dem <span style=\"color: #ff0000;\"><a style=\"color: #ff0000;\" href=\"https:\/\/www.evi.de\/daun\/wp-content\/uploads\/sites\/2\/2026\/03\/Anmeldung-Infotag_2025.docx\">Anmeldeformular <\/a><\/span>zum Info-Tag!<\/strong><\/p>\n<p><strong>Aktuelle Termine in DAUN, Freiherr-vom-Stein-Str. 1a :<\/strong><\/p>\n<p><span style=\"color: #ff0000;\"><span style=\"color: #000000;\"><strong>Termine 2026:<br \/>\n<\/strong><\/span><\/span><span style=\"color: #000000;\">16.01.2026, 15:00 Uhr (online)<\/span><br \/>\n<span style=\"color: #000000;\">20.02.2026, 15:00 Uhr (online)<\/span><br \/>\n<span style=\"color: #000000;\">20.03.2026, 15:00 Uhr (online)<\/span><br \/>\n<span style=\"color: #000000;\">17.04.2026, 15:00 Uhr (online)<\/span><br \/>\n<span style=\"color: #000000;\">22.05.2026, 15:00 Uhr (online)<\/span><br \/>\n<span style=\"color: #000000;\">26.06.2026, 15:00 Uhr (online)<\/span><\/p>\n<p><span style=\"color: #000000;\">Mit der Terminbest\u00e4tigung erhalten Sie genaue Informationen zum Veranstaltungsort.<\/span><\/p>\n","protected":false},"excerpt":{"rendered":"<p>Start neuer Ausbildungskurs: September 2026 !!! M\u00e4rz 2027 (letztes Curriculum alte Ausbildung) !!! Es stehen 18 Pl\u00e4tze zur Verf\u00fcgung f\u00fcr die dreij\u00e4hrige Vollzeit- oder f\u00fcnfj\u00e4hrige Teilzeitausbildung. Bewerbungen sind ab sofort &#8230;<\/p>\n","protected":false},"author":1,"featured_media":0,"parent":42,"menu_order":0,"comment_status":"closed","ping_status":"closed","template":"template-left-sidebar.php","meta":{"footnotes":""},"class_list":["post-48","page","type-page","status-publish","hentry"],"_links":{"self":[{"href":"https:\/\/www.evi.de\/daun\/wp-json\/wp\/v2\/pages\/48","targetHints":{"allow":["GET"]}}],"collection":[{"href":"https:\/\/www.evi.de\/daun\/wp-json\/wp\/v2\/pages"}],"about":[{"href":"https:\/\/www.evi.de\/daun\/wp-json\/wp\/v2\/types\/page"}],"author":[{"embeddable":true,"href":"https:\/\/www.evi.de\/daun\/wp-json\/wp\/v2\/users\/1"}],"replies":[{"embeddable":true,"href":"https:\/\/www.evi.de\/daun\/wp-json\/wp\/v2\/comments?post=48"}],"version-history":[{"count":68,"href":"https:\/\/www.evi.de\/daun\/wp-json\/wp\/v2\/pages\/48\/revisions"}],"predecessor-version":[{"id":1227,"href":"https:\/\/www.evi.de\/daun\/wp-json\/wp\/v2\/pages\/48\/revisions\/1227"}],"up":[{"embeddable":true,"href":"https:\/\/www.evi.de\/daun\/wp-json\/wp\/v2\/pages\/42"}],"wp:attachment":[{"href":"https:\/\/www.evi.de\/daun\/wp-json\/wp\/v2\/media?parent=48"}],"curies":[{"name":"wp","href":"https:\/\/api.w.org\/{rel}","templated":true}]}}