{"id":403,"date":"2017-06-29T13:54:48","date_gmt":"2017-06-29T11:54:48","guid":{"rendered":"http:\/\/evi.bik-kreativ.de\/daun\/?page_id=403"},"modified":"2023-01-06T09:25:22","modified_gmt":"2023-01-06T08:25:22","slug":"vollzeitausbildung","status":"publish","type":"page","link":"https:\/\/www.evi.de\/daun\/ausbildung-daun\/ausbildungsstruktur\/vollzeitausbildung\/","title":{"rendered":"Vollzeitausbildung"},"content":{"rendered":"<h4>Die Umsetzung der dreij\u00e4hrigen Vollzeitausbildung<\/h4>\n<p>Die Ausbildungsbestandteile werden auf der Grundlage der \u00a0Ausbildungs- und Pr\u00fcfungsverordnung f\u00fcr Psychologische Psychotherapeuten (PsychTh-AprV) (<a href=\"https:\/\/na01.safelinks.protection.outlook.com\/?url=https%3A%2F%2Fwww.buzer.de%2Fgesetz%2F3737%2Findex.htm&amp;data=05%7C01%7C%7C090e706384824eff42d008daef0b696e%7C84df9e7fe9f640afb435aaaaaaaaaaaa%7C1%7C0%7C638085129838545691%7CUnknown%7CTWFpbGZsb3d8eyJWIjoiMC4wLjAwMDAiLCJQIjoiV2luMzIiLCJBTiI6Ik1haWwiLCJXVCI6Mn0%3D%7C3000%7C%7C%7C&amp;sdata=RMeUHXLm7yoVWlXkv5Fl8EV4jcRg7CvgL1PHQCn7Y%2FI%3D&amp;reserved=0\">Ausbildungs- und Pr\u00fcfungsverordnung f\u00fcr Psychologische Psychotherapeuten<\/a>)\u00a0im erforderlichen Umfang von mindestens 4.200 Stunden <strong>verteilt auf 3 Jahre<\/strong> angeboten.<\/p>\n\n<table id=\"tablepress-11\" class=\"tablepress tablepress-id-11 vollausbildung tbody-has-connected-cells\">\n<thead>\n<tr class=\"row-1\">\n\t<th colspan=\"3\" class=\"column-1\"><center><strong>Ausbildungsablauf f\u00fcr eine 3j\u00e4hrige Ausbildung<br \/>\nin Vollzeit<br \/>\n<\/strong><\/center><\/th>\n<\/tr>\n<\/thead>\n<tbody class=\"row-striping row-hover\">\n<tr class=\"row-2\">\n\t<td class=\"column-1\"><center><strong>1. Jahr<\/strong><\/center><\/td><td class=\"column-2\"><center><strong>2. Jahr<\/strong><\/center><\/td><td class=\"column-3\"><center><strong>3. Jahr<\/strong><\/center><\/td>\n<\/tr>\n<tr class=\"row-3\">\n\t<td class=\"column-1\"><center><strong>200 UE Theorie<\/strong><\/center><\/td><td class=\"column-2\"><center><strong>200 UE Theorie<\/strong><\/center><\/td><td class=\"column-3\"><center><strong>200 UE Theorie<\/strong><\/center><\/td>\n<\/tr>\n<tr class=\"row-4\">\n\t<td colspan=\"3\" class=\"column-1\"><center><strong>120 UE Selbsterfahrung<\/strong><br \/>\n(8  x  15 UE  Wochenendseminare)<br \/>\n<\/center><\/td>\n<\/tr>\n<tr class=\"row-5\">\n\t<td colspan=\"2\" class=\"column-1\"><center><strong>Praktische T\u00e4tigkeit I und II<\/strong><br \/>\nMind. 1.800 Stunden (Voll- oder Teilzeit)<\/center><\/td><td class=\"column-3\"><\/td>\n<\/tr>\n<tr class=\"row-6\">\n\t<td colspan=\"2\" class=\"column-1\"><center><strong>Praktische Ausbildung unter Supervision<\/strong><br \/>\nbis zu 200 stat. Behandlungsstunden<\/center><\/td><td class=\"column-3\"><\/td>\n<\/tr>\n<tr class=\"row-7\">\n\t<td class=\"column-1\"><\/td><td class=\"column-2\"><center><strong>Zwischenpr\u00fcfung<\/strong><\/center><\/td><td class=\"column-3\"><\/td>\n<\/tr>\n<tr class=\"row-8\">\n\t<td class=\"column-1\"><\/td><td colspan=\"2\" class=\"column-2\"><center><strong>Praktische Ausbildung unter Supervision<\/strong><br \/>\nmind. 400   ambulante Behandlungsstunden<\/center><\/td>\n<\/tr>\n<tr class=\"row-9\">\n\t<td colspan=\"3\" class=\"column-1\"><center><strong>150 Stunden Supervision<\/strong><br \/>\nmindestens  50 UE Einzelsupervision  + bis zu 100 UE  Gruppensupervision<\/center><\/td>\n<\/tr>\n<tr class=\"row-10\">\n\t<td colspan=\"3\" class=\"column-1\"><strong>Freie Spitze<\/strong><br \/>\n100 UE Kleingruppenarbeit<\/td>\n<\/tr>\n<tr class=\"row-11\">\n\t<td colspan=\"3\" class=\"column-1\"><strong>Freie Spitze<\/strong><br \/>\n800-900 Stunden Vor- und Nachbereitung  der  Behandlungsstunden  in der Praktischen Ausbildung, administrative T\u00e4tigkeiten, Falldokumentationen<\/td>\n<\/tr>\n<\/tbody>\n<\/table>\n<!-- #tablepress-11 from cache -->\n","protected":false},"excerpt":{"rendered":"<p>Die Umsetzung der dreij\u00e4hrigen Vollzeitausbildung Die Ausbildungsbestandteile werden auf der Grundlage der \u00a0Ausbildungs- und Pr\u00fcfungsverordnung f\u00fcr Psychologische Psychotherapeuten (PsychTh-AprV) (Ausbildungs- und Pr\u00fcfungsverordnung f\u00fcr Psychologische Psychotherapeuten)\u00a0im erforderlichen Umfang von mindestens 4.200 &#8230;<\/p>\n","protected":false},"author":1,"featured_media":0,"parent":52,"menu_order":0,"comment_status":"closed","ping_status":"closed","template":"template-left-sidebar.php","meta":{"footnotes":""},"class_list":["post-403","page","type-page","status-publish","hentry"],"_links":{"self":[{"href":"https:\/\/www.evi.de\/daun\/wp-json\/wp\/v2\/pages\/403","targetHints":{"allow":["GET"]}}],"collection":[{"href":"https:\/\/www.evi.de\/daun\/wp-json\/wp\/v2\/pages"}],"about":[{"href":"https:\/\/www.evi.de\/daun\/wp-json\/wp\/v2\/types\/page"}],"author":[{"embeddable":true,"href":"https:\/\/www.evi.de\/daun\/wp-json\/wp\/v2\/users\/1"}],"replies":[{"embeddable":true,"href":"https:\/\/www.evi.de\/daun\/wp-json\/wp\/v2\/comments?post=403"}],"version-history":[{"count":6,"href":"https:\/\/www.evi.de\/daun\/wp-json\/wp\/v2\/pages\/403\/revisions"}],"predecessor-version":[{"id":1093,"href":"https:\/\/www.evi.de\/daun\/wp-json\/wp\/v2\/pages\/403\/revisions\/1093"}],"up":[{"embeddable":true,"href":"https:\/\/www.evi.de\/daun\/wp-json\/wp\/v2\/pages\/52"}],"wp:attachment":[{"href":"https:\/\/www.evi.de\/daun\/wp-json\/wp\/v2\/media?parent=403"}],"curies":[{"name":"wp","href":"https:\/\/api.w.org\/{rel}","templated":true}]}}