{"id":338,"date":"2017-06-22T14:35:46","date_gmt":"2017-06-22T12:35:46","guid":{"rendered":"http:\/\/evi.bik-kreativ.de\/daun\/?page_id=338"},"modified":"2023-02-03T18:18:37","modified_gmt":"2023-02-03T17:18:37","slug":"gesamtfinanzierung","status":"publish","type":"page","link":"https:\/\/www.evi.de\/daun\/kostenorientierung-rahmenbedingungen\/gesamtfinanzierung\/","title":{"rendered":"Gesamtfinanzierung"},"content":{"rendered":"<h4>Ausbildungskosten<\/h4>\n<p>Transparenz zur Finanzierung Ihrer Ausbildung ist uns wichtig!<\/p>\n<p>Hier im ersten Schritt die Leistungen, die f\u00fcr Sie <span class=\"gruen\">kostenfrei<\/span> sind:<\/p>\n<ul>\n<li>Teilnahme am Informationstag<\/li>\n<li>Pers\u00f6nliches Aufnahmegespr\u00e4ch zur Planung der Ausbildung<\/li>\n<li>Zulassung zur Zwischen- und Abschlusspr\u00fcfung<\/li>\n<li>Umfassende Haftpflichtversicherung f\u00fcr Ausbildungskandidaten<\/li>\n<li>Beratung durch die Ausbildungsleitung w\u00e4hrend der gesamten Ausbildungszeit<\/li>\n<\/ul>\n<p>Folgende <span class=\"rot\">AUSGABEN<\/span> kommen verteilt auf 3 oder 5 Jahre auf Sie zu:<\/p>\n\n<table id=\"tablepress-6\" class=\"tablepress tablepress-id-6\">\n<thead>\n<tr class=\"row-1\">\n\t<th class=\"column-1\">Modul<\/th><th class=\"column-2\">Anzahl der<br \/>\nUnterrichtseinheiten (UE)<br \/>\n<\/th><th class=\"column-3\">Preis pro <br \/>\nUE\/\u20ac<br \/>\n<\/th><th class=\"column-4\">Gesamtpreis<\/th>\n<\/tr>\n<\/thead>\n<tbody class=\"row-striping\">\n<tr class=\"row-2\">\n\t<td class=\"column-1\">Anmeldung<\/td><td class=\"column-2\"><\/td><td class=\"column-3\"><\/td><td class=\"column-4\">50 \u20ac<\/td>\n<\/tr>\n<tr class=\"row-3\">\n\t<td class=\"column-1\">Theorie<\/td><td class=\"column-2\">600 UE<\/td><td class=\"column-3\">15 \u20ac<\/td><td class=\"column-4\">9000 \u20ac<\/td>\n<\/tr>\n<tr class=\"row-4\">\n\t<td class=\"column-1\">Selbsterfahrung<\/td><td class=\"column-2\">120 UE<\/td><td class=\"column-3\">20 \u20ac<\/td><td class=\"column-4\">2.400 \u20ac<\/td>\n<\/tr>\n<tr class=\"row-5\">\n\t<td class=\"column-1\">Gruppensupervision<br \/>\n(mind. 100 UE)<\/td><td class=\"column-2\">100 UE<\/td><td class=\"column-3\">35 \u20ac<\/td><td class=\"column-4\">3.500 \u20ac<\/td>\n<\/tr>\n<tr class=\"row-6\">\n\t<td class=\"column-1\">Einzelsupervision<br \/>\n(mind. 50 UE)<\/td><td class=\"column-2\">mind. 50 UE<\/td><td class=\"column-3\">110 \u20ac<\/td><td class=\"column-4\">5500 \u20ac<\/td>\n<\/tr>\n<tr class=\"row-7\">\n\t<td class=\"column-1\"><\/td><td class=\"column-2\"><\/td><td class=\"column-3\"><span class=\"rot\">Gesamtausgaben<\/span><\/td><td class=\"column-4\"><span class=\"rot\">20450\u20ac<\/span><\/td>\n<\/tr>\n<\/tbody>\n<\/table>\n<!-- #tablepress-6 from cache -->\n<p>Die Rechnung durch das Institut erfolgt, wenn Sie die Leistungen buchen. Die Kosten der Einzelsupervision rechnen Sie direkt mit Ihrem Supervisor ab.<\/p>\n<p><span class=\"gruen\">EINNAHMEN<\/span> erzielen Sie in der Regel in den ersten 18 Monaten der Ausbildung im Ausbildungsabschnitt der <strong>Praktischen T\u00e4tigkeit in der Klinik.<\/strong> Die meisten unserer Kooperationspartner sehen eine monatliche Verg\u00fctung vor (die H\u00f6he der Verg\u00fctung erfragen Sie bitte direkt in den Einrichtungen). Einige Kliniken f\u00f6rdern dar\u00fcber hinaus die Ausbildung gro\u00dfz\u00fcgig durch eine Einmalzahlung und zus\u00e4tzliche Freistellung f\u00fcr Ausbildungszeiten (z. B. bis zu 10 Tage zus\u00e4tzlich zum Jahresurlaub).<br \/>\n<em><strong>Beispiel:<\/strong> <\/em><br \/>\nVerg\u00fctung von PT I \/ II durch Klinik und Weiterbildungsf\u00f6rderung mit 1000 \u20ac pro Monat sowie kontinuierliche F\u00f6rderung der WB durch Klinik\/Arbeitgeber mit 650 \u20ac pro Jahr.<\/p>\n\n<table id=\"tablepress-7\" class=\"tablepress tablepress-id-7\">\n<thead>\n<tr class=\"row-1\">\n\t<th class=\"column-1\"><span class=\"gruen\">EINNAHMEN<\/span><br \/>\n<br \/>\n<\/th><td class=\"column-2\"><\/td><td class=\"column-3\"><\/td>\n<\/tr>\n<\/thead>\n<tbody class=\"row-striping\">\n<tr class=\"row-2\">\n\t<td class=\"column-1\">Verg\u00fctung Klinik PT I + II<\/td><td class=\"column-2\">klinikabh\u00e4ngig, in 18 Monaten, keine Gew\u00e4hr<\/td><td class=\"column-3\">ca. 15.000 \u2013 20.000 \u20ac<\/td>\n<\/tr>\n<\/tbody>\n<\/table>\n<!-- #tablepress-7 from cache -->\n<p><span class=\"gruen\">EINNAHMEN<\/span> erzielen Sie ab dem 2. Ausbildungsjahr w\u00e4hrend der Praktischen Ausbildung in den Ambulanzen. Sie erhalten pro Behandlungsstunde in der Kurzzeit- und Langzeittherapie einen Satz von 45 \u20ac (Stand: 01.01.2023), der sich abh\u00e4ngig von der Entwicklung der gezahlten S\u00e4tze \u00e4ndern kann. In der Regel werden die Ausbildungskosten durch Ihre Einnahmen w\u00e4hrend der Ambulanzt\u00e4tigkeit komplett refinanziert.<\/p>\n\n<table id=\"tablepress-8\" class=\"tablepress tablepress-id-8\">\n<thead>\n<tr class=\"row-1\">\n\t<td colspan=\"2\" class=\"column-1\"><\/td><th class=\"column-3\"><strong>THERAPEUT<\/strong><\/th>\n<\/tr>\n<\/thead>\n<tbody class=\"row-striping\">\n<tr class=\"row-2\">\n\t<td class=\"column-1\"><\/td><td class=\"column-2\"><strong>45 %<\/strong><\/td><td class=\"column-3\"><strong><span class=\"gruen\">EINNAHMEN<\/span><\/strong><\/td>\n<\/tr>\n<tr class=\"row-3\">\n\t<td class=\"column-1\">15 Akut-Sprechstunde<\/td><td class=\"column-2\">50,00<\/td><td class=\"column-3\">750,00<\/td>\n<\/tr>\n<tr class=\"row-4\">\n\t<td class=\"column-1\">45 Probatorik<\/td><td class=\"column-2\">35,00<\/td><td class=\"column-3\">1575,00<\/td>\n<\/tr>\n<tr class=\"row-5\">\n\t<td class=\"column-1\">10 KZT 1<\/td><td class=\"column-2\">50,00<\/td><td class=\"column-3\">6000,00<\/td>\n<\/tr>\n<tr class=\"row-6\">\n\t<td class=\"column-1\">10 KZT 2<\/td><td class=\"column-2\">50,00<\/td><td class=\"column-3\">6000,00<\/td>\n<\/tr>\n<tr class=\"row-7\">\n\t<td class=\"column-1\">5 LZT<\/td><td class=\"column-2\">50,00<\/td><td class=\"column-3\">15000,00<\/td>\n<\/tr>\n<tr class=\"row-8\">\n\t<td class=\"column-1\"><strong>Gesamteinnahmen<\/strong><\/td><td class=\"column-2\"><\/td><td class=\"column-3\"><strong>29325,00<\/strong><\/td>\n<\/tr>\n<\/tbody>\n<\/table>\n<!-- #tablepress-8 from cache -->\n<p>Zusammenfassend:<\/p>\n<h5>Refinanzierung ab 01\/2023<\/h5>\n\n<table id=\"tablepress-9\" class=\"tablepress tablepress-id-9\">\n<tbody class=\"row-striping\">\n<tr class=\"row-1\">\n\t<td class=\"column-1\"><span class=\"blau\"><br \/>\n<strong>Einnahmen<\/strong><\/span> (600 B-std Ambulanz)<\/td><td class=\"column-2\"><br \/>\n<strong>Ausbildungskosten<\/strong><\/td><td class=\"column-3\"><br \/>\n<span class=\"gruen\"><strong>Refinanzierung<\/strong><\/span><\/td>\n<\/tr>\n<tr class=\"row-2\">\n\t<td class=\"column-1\"><span class=\"blau\"><strong>+ 29325,00<\/strong><\/span><br \/>\n<br \/>\n<\/td><td class=\"column-2\"><strong>- 20450,00<\/strong><\/td><td class=\"column-3\"><span class=\"gruen\"><strong>+ 8875,00<\/strong><\/span><br \/>\n<\/td>\n<\/tr>\n<\/tbody>\n<\/table>\n<!-- #tablepress-9 from cache -->\n","protected":false},"excerpt":{"rendered":"<p>Ausbildungskosten Transparenz zur Finanzierung Ihrer Ausbildung ist uns wichtig! Hier im ersten Schritt die Leistungen, die f\u00fcr Sie kostenfrei sind: Teilnahme am Informationstag Pers\u00f6nliches Aufnahmegespr\u00e4ch zur Planung der Ausbildung Zulassung &#8230;<\/p>\n","protected":false},"author":1,"featured_media":0,"parent":66,"menu_order":0,"comment_status":"closed","ping_status":"closed","template":"template-left-sidebar.php","meta":{"footnotes":""},"class_list":["post-338","page","type-page","status-publish","hentry"],"_links":{"self":[{"href":"https:\/\/www.evi.de\/daun\/wp-json\/wp\/v2\/pages\/338","targetHints":{"allow":["GET"]}}],"collection":[{"href":"https:\/\/www.evi.de\/daun\/wp-json\/wp\/v2\/pages"}],"about":[{"href":"https:\/\/www.evi.de\/daun\/wp-json\/wp\/v2\/types\/page"}],"author":[{"embeddable":true,"href":"https:\/\/www.evi.de\/daun\/wp-json\/wp\/v2\/users\/1"}],"replies":[{"embeddable":true,"href":"https:\/\/www.evi.de\/daun\/wp-json\/wp\/v2\/comments?post=338"}],"version-history":[{"count":19,"href":"https:\/\/www.evi.de\/daun\/wp-json\/wp\/v2\/pages\/338\/revisions"}],"predecessor-version":[{"id":1109,"href":"https:\/\/www.evi.de\/daun\/wp-json\/wp\/v2\/pages\/338\/revisions\/1109"}],"up":[{"embeddable":true,"href":"https:\/\/www.evi.de\/daun\/wp-json\/wp\/v2\/pages\/66"}],"wp:attachment":[{"href":"https:\/\/www.evi.de\/daun\/wp-json\/wp\/v2\/media?parent=338"}],"curies":[{"name":"wp","href":"https:\/\/api.w.org\/{rel}","templated":true}]}}