{"id":331,"date":"2017-06-22T13:40:40","date_gmt":"2017-06-22T11:40:40","guid":{"rendered":"http:\/\/evi.bik-kreativ.de\/daun\/?page_id=331"},"modified":"2023-01-06T09:21:45","modified_gmt":"2023-01-06T08:21:45","slug":"pruefungen","status":"publish","type":"page","link":"https:\/\/www.evi.de\/daun\/ausbildung-daun\/ausbildungsstruktur\/pruefungen\/","title":{"rendered":"Pr\u00fcfungen"},"content":{"rendered":"<h4><strong>Pr\u00fcfungen<\/strong><\/h4>\n<p><strong>Zwischenkolloquium<\/strong><\/p>\n<p>Die Studienordnung (\u00a7 6) sieht die Durchf\u00fchrung eines Zwischenkolloquiums am Institut nach Absolvierung der H\u00e4lfte der Ausbildung gem\u00e4\u00df \u00a7 6 PsychThG (<a href=\"https:\/\/na01.safelinks.protection.outlook.com\/?url=https%3A%2F%2Fwww.gesetze-im-internet.de%2Fpsychthg_2020%2FBJNR160410019.html&amp;data=05%7C01%7C%7C090e706384824eff42d008daef0b696e%7C84df9e7fe9f640afb435aaaaaaaaaaaa%7C1%7C0%7C638085129838545691%7CUnknown%7CTWFpbGZsb3d8eyJWIjoiMC4wLjAwMDAiLCJQIjoiV2luMzIiLCJBTiI6Ik1haWwiLCJXVCI6Mn0%3D%7C3000%7C%7C%7C&amp;sdata=1%2F8yETXJc3nf23PPs1cdqVwoJzDJupaF0j2cvqSJO9c%3D&amp;reserved=0\">Gesetz \u00fcber den Beruf der Psychotherapeutin und des Psychotherapeuten<\/a>)\u00a0vor. Der erfolgreiche Abschluss des Zwischenkolloquiums ist die Voraussetzung f\u00fcr die Mitarbeit in der Institutsambulanz und die Durchf\u00fchrung von Krankenbehandlungen im Rahmen der supervidierten vertragspsycho\u00adtherapeutischen\u00a0 Versorgung. Das Zwischenkolloquium ist eine m\u00fcndliche Pr\u00fcfung, die von zwei Pr\u00fcfern des Ausbildungsinstituts im Institut durchgef\u00fchrt wird.<\/p>\n<p><strong>Staatliche Pr\u00fcfung<\/strong><\/p>\n<p>Die staatliche Pr\u00fcfung ist in der Ausbildungs- und Pr\u00fcfungsverordnung f\u00fcr Psychologische Psychotherapeuten vom 18.12.1998 (PsychTh-APrV) geregelt (<a href=\"https:\/\/na01.safelinks.protection.outlook.com\/?url=https%3A%2F%2Fwww.buzer.de%2Fgesetz%2F3737%2Findex.htm&amp;data=05%7C01%7C%7C090e706384824eff42d008daef0b696e%7C84df9e7fe9f640afb435aaaaaaaaaaaa%7C1%7C0%7C638085129838545691%7CUnknown%7CTWFpbGZsb3d8eyJWIjoiMC4wLjAwMDAiLCJQIjoiV2luMzIiLCJBTiI6Ik1haWwiLCJXVCI6Mn0%3D%7C3000%7C%7C%7C&amp;sdata=RMeUHXLm7yoVWlXkv5Fl8EV4jcRg7CvgL1PHQCn7Y%2FI%3D&amp;reserved=0\">Ausbildungs- und Pr\u00fcfungsverordnung f\u00fcr Psychologische Psychotherapeuten<\/a>).<\/p>\n<p>Wenn alle Ausbildungsabschnitte vollst\u00e4ndig absolviert sind und dies von der Ausbildungs\u00adst\u00e4tte entsprechend bescheinigt wurde, kann der Ausbildungsteilnehmer \u00fcber das Ausbil\u00addungsinstitut die Pr\u00fcfung bei der entsprechenden Beh\u00f6rde (Landespr\u00fcfungsamt f\u00fcr Psycho\u00adtherapie) beantragen. Die Beh\u00f6rde entscheidet im Benehmen mit der Leitung des Ausbil\u00addungsst\u00e4tte \u00fcber die Zulassung zur staatlichen Pr\u00fcfung und \u00fcber die Ladung zum Pr\u00fcfungs\u00adtermin, der nicht fr\u00fcher als zwei Monate vor dem Ende der drei- bzw. f\u00fcnfj\u00e4hrigen Ausbildung liegen darf.<\/p>\n<p>Die Pr\u00fcfung wird vor einer staatlichen Pr\u00fcfungskommission abgelegt und besteht aus einem schriftlichen Teil (Aufsichtsarbeit von 120 Min.) und einem m\u00fcndlichen Teil (Einzelpr\u00fcfung 30\u00a0Min. und Gruppenpr\u00fcfung 120 Min.). Es wird ein Zeugnis \u00fcber die staatliche Pr\u00fcfung f\u00fcr Psychologische Psychotherapeuten ausgestellt.<\/p>\n<p>Danach kann bei der zust\u00e4ndigen Beh\u00f6rde die Approbation beantragt werden.<\/p>\n","protected":false},"excerpt":{"rendered":"<p>Pr\u00fcfungen Zwischenkolloquium Die Studienordnung (\u00a7 6) sieht die Durchf\u00fchrung eines Zwischenkolloquiums am Institut nach Absolvierung der H\u00e4lfte der Ausbildung gem\u00e4\u00df \u00a7 6 PsychThG (Gesetz \u00fcber den Beruf der Psychotherapeutin und &#8230;<\/p>\n","protected":false},"author":1,"featured_media":0,"parent":52,"menu_order":0,"comment_status":"closed","ping_status":"closed","template":"template-left-sidebar.php","meta":{"footnotes":""},"class_list":["post-331","page","type-page","status-publish","hentry"],"_links":{"self":[{"href":"https:\/\/www.evi.de\/daun\/wp-json\/wp\/v2\/pages\/331","targetHints":{"allow":["GET"]}}],"collection":[{"href":"https:\/\/www.evi.de\/daun\/wp-json\/wp\/v2\/pages"}],"about":[{"href":"https:\/\/www.evi.de\/daun\/wp-json\/wp\/v2\/types\/page"}],"author":[{"embeddable":true,"href":"https:\/\/www.evi.de\/daun\/wp-json\/wp\/v2\/users\/1"}],"replies":[{"embeddable":true,"href":"https:\/\/www.evi.de\/daun\/wp-json\/wp\/v2\/comments?post=331"}],"version-history":[{"count":5,"href":"https:\/\/www.evi.de\/daun\/wp-json\/wp\/v2\/pages\/331\/revisions"}],"predecessor-version":[{"id":1085,"href":"https:\/\/www.evi.de\/daun\/wp-json\/wp\/v2\/pages\/331\/revisions\/1085"}],"up":[{"embeddable":true,"href":"https:\/\/www.evi.de\/daun\/wp-json\/wp\/v2\/pages\/52"}],"wp:attachment":[{"href":"https:\/\/www.evi.de\/daun\/wp-json\/wp\/v2\/media?parent=331"}],"curies":[{"name":"wp","href":"https:\/\/api.w.org\/{rel}","templated":true}]}}