{"id":11,"date":"2017-03-07T10:58:04","date_gmt":"2017-03-07T09:58:04","guid":{"rendered":"http:\/\/evi.bik-kreativ.de\/daun\/?page_id=11"},"modified":"2023-04-04T20:14:54","modified_gmt":"2023-04-04T18:14:54","slug":"kontakt","status":"publish","type":"page","link":"https:\/\/www.evi.de\/daun\/kontakt\/","title":{"rendered":"Kontakt"},"content":{"rendered":"<h4><strong>Unsere Hausanschrift lautet:<\/strong><\/h4>\n<p>Eifeler Verhaltenstherapie-Institut e.V.<br \/>\nStaatlich anerkanntes Aus- und Weiterbildungs-<br \/>\nInstitut f\u00fcr Verhaltenstherapie<br \/>\nFreiherr-vom-Stein-Stra\u00dfe 1a<br \/>\nD-54550 Daun<\/p>\n<p>Tel.: 06592 9570840<br \/>\nFax: 06592 9570839<br \/>\nE-Mail: <a href=\"mailto:evi-daun@t-online.de\">evi-daun@t-online.de<\/a><\/p>\n<p>Ansprechpartnerin: Frau Nicole Schulte<\/p>\n<h4>Anmeldung f\u00fcr Patienten<\/h4>\n<p>Sie erreichen uns telefonisch am besten Montag \u2013 Freitag von 14 Uhr &#8211; 16.00 Uhr.<\/p>\n<h4>Ausbildungsberatung<\/h4>\n<p>Bei allen Fragen zur Psychotherapie-Ausbildung kann ein Beratungstermin mit einem Mitglied des gesch\u00e4ftsf\u00fchrenden Vorstands oder des Ausbildungsausschusses \u00fcber die Gesch\u00e4ftsstelle vereinbart werden.<\/p>\n<h4><strong>Anfahrt mit der Bahn<br \/>\n<\/strong><\/h4>\n<p>Zielbahnhof Gerolstein<\/p>\n<h4>Anfahrt mit dem Auto:<\/h4>\n<p style=\"font-weight: 400;\"><strong>Von der Autobahn A 48\/A1 kommend:<\/strong> Bitte am Autobahndreieck Vulkaneifel auf die A1 wechseln, Ausfahrt Daun nehmen, Beschilderung Rtg. Daun folgen.<br \/>\nWenn Sie den Viadukt passieren (Ortseinfahrt Daun), folgen Sie bitte der B257. Am 4. Kreisel die 3. Abfahrt w\u00e4hlen und in die erste Stra\u00dfe hinter dem Busbahnhof rechts abbiegen. Hier befinden sich bereits erste Parkm\u00f6glichkeiten. Alternativ k\u00f6nnen Sie in die erste Stra\u00dfe links einbiegen (= Zielstra\u00dfe u. Einbahnstra\u00dfe) und am linken Stra\u00dfenrand parken. Das EVI befindet sich im letzten Geb\u00e4ude auf der rechten Seite. Einige wenige Parkpl\u00e4tze befinden sich rechts neben dem Institut, auf der linken Seite des gro\u00dfen Schulparkplatzes.<\/p>\n<p style=\"font-weight: 400;\"><strong>Aus Richtung A1 Abfahrt Blankenheim kommend:<\/strong> Fahren Sie Richtung Hillesheim und in Hillesheim Richtung Daun. Im Kreisverkehr vor Dockweiler w\u00e4hlen Sie bitte die Abfahrt Daun-Waldk\u00f6nigen. Der Stra\u00dfe bis zur Ortseinfahrt Daun folgen. Im 1. Kreisel die 1. Abfahrt, im 2. Kreisel die 3. Abfahrt nehmen. In die erste Stra\u00dfe hinter dem Busbahnhof rechts abbiegen. Hier befinden sich bereits erste Parkm\u00f6glichkeiten. Alternativ k\u00f6nnen Sie in die erste Stra\u00dfe links einbiegen (= Zielstra\u00dfe u. Einbahnstra\u00dfe) und am linken Stra\u00dfenrand parken. Das EVI befindet sich im letzten Geb\u00e4ude auf der rechten Seite. Einige wenige Parkpl\u00e4tze befinden sich rechts neben dem Institut, auf der linken Seite des gro\u00dfen Schulparkplatzes.<\/p>\n<p style=\"font-weight: 400;\"><strong>Aus Richtung Bitburg kommend:<\/strong> Nach Ortseinfahrt Daun beim 1. Kreisel die 1. Abfahrt w\u00e4hlen, danach in die erste Stra\u00dfe hinter dem Busbahnhof rechts abbiegen. Hier befinden sich bereits erste Parkm\u00f6glichkeiten. Alternativ k\u00f6nnen Sie in die erste Stra\u00dfe links einbiegen (= Zielstra\u00dfe u. Einbahnstra\u00dfe) und am linken Stra\u00dfenrand parken.\u00a0 Das EVI befindet sich im letzten Geb\u00e4ude auf der rechten Seite. Einige wenige Parkpl\u00e4tze befinden sich rechts neben dem Institut, auf der linken Seite des gro\u00dfen Schulparkplatzes.<\/p>\n<p style=\"font-weight: 400;\"><strong>Weitere geb\u00fchrenpflichtige Parkm\u00f6glichkeiten befinden sich zentral im Parkdeck Daun (Fu\u00dfweg ca. 400 m), am Marktplatz (450 m) oder am Kino-Parkplatz (500 m).<\/strong><\/p>\n<p><iframe loading=\"lazy\" style=\"border: 0;\" src=\"https:\/\/www.google.com\/maps\/embed?pb=!1m18!1m12!1m3!1d2554.0637127005307!2d6.8260700000000005!3d50.19734!2m3!1f0!2f0!3f0!3m2!1i1024!2i768!4f13.1!3m3!1m2!1s0x47bfb42fd13c26ab%3A0xfec82ec1823432cf!2sFreiherr-vom-Stein-Stra%C3%9Fe%201A%2C%2054550%20Daun!5e0!3m2!1sde!2sde!4v1678801071516!5m2!1sde!2sde\" width=\"100%\" height=\"400\" allowfullscreen=\"allowfullscreen\"><\/iframe><\/p>\n","protected":false},"excerpt":{"rendered":"<p>Unsere Hausanschrift lautet: Eifeler Verhaltenstherapie-Institut e.V. Staatlich anerkanntes Aus- und Weiterbildungs- Institut f\u00fcr Verhaltenstherapie Freiherr-vom-Stein-Stra\u00dfe 1a D-54550 Daun Tel.: 06592 9570840 Fax: 06592 9570839 E-Mail: evi-daun@t-online.de Ansprechpartnerin: Frau Nicole Schulte &#8230;<\/p>\n","protected":false},"author":1,"featured_media":0,"parent":0,"menu_order":0,"comment_status":"closed","ping_status":"closed","template":"template-left-sidebar.php","meta":{"footnotes":""},"class_list":["post-11","page","type-page","status-publish","hentry"],"_links":{"self":[{"href":"https:\/\/www.evi.de\/daun\/wp-json\/wp\/v2\/pages\/11","targetHints":{"allow":["GET"]}}],"collection":[{"href":"https:\/\/www.evi.de\/daun\/wp-json\/wp\/v2\/pages"}],"about":[{"href":"https:\/\/www.evi.de\/daun\/wp-json\/wp\/v2\/types\/page"}],"author":[{"embeddable":true,"href":"https:\/\/www.evi.de\/daun\/wp-json\/wp\/v2\/users\/1"}],"replies":[{"embeddable":true,"href":"https:\/\/www.evi.de\/daun\/wp-json\/wp\/v2\/comments?post=11"}],"version-history":[{"count":19,"href":"https:\/\/www.evi.de\/daun\/wp-json\/wp\/v2\/pages\/11\/revisions"}],"predecessor-version":[{"id":1133,"href":"https:\/\/www.evi.de\/daun\/wp-json\/wp\/v2\/pages\/11\/revisions\/1133"}],"wp:attachment":[{"href":"https:\/\/www.evi.de\/daun\/wp-json\/wp\/v2\/media?parent=11"}],"curies":[{"name":"wp","href":"https:\/\/api.w.org\/{rel}","templated":true}]}}